{"id":1877,"date":"2023-11-14T17:03:56","date_gmt":"2023-11-14T16:03:56","guid":{"rendered":"https:\/\/supplaffairs.com\/accesibilidad\/"},"modified":"2023-11-22T17:27:07","modified_gmt":"2023-11-22T16:27:07","slug":"acessibilidade","status":"publish","type":"page","link":"https:\/\/supplaffairs.com\/pt-pt\/acessibilidade\/","title":{"rendered":"Acessibilidade"},"content":{"rendered":"\t\t<div data-elementor-type=\"wp-page\" data-elementor-id=\"1877\" class=\"elementor elementor-1877 elementor-1291\" data-elementor-post-type=\"page\">\n\t\t\t\t<div class=\"elementor-element elementor-element-3b5e58b0 e-flex e-con-boxed wpr-particle-no wpr-jarallax-no wpr-parallax-no wpr-sticky-section-no e-con e-parent\" data-id=\"3b5e58b0\" data-element_type=\"container\" data-e-type=\"container\">\n\t\t\t\t\t<div class=\"e-con-inner\">\n\t\t\t\t<div class=\"elementor-element elementor-element-186e910 elementor-widget elementor-widget-heading\" data-id=\"186e910\" data-element_type=\"widget\" data-e-type=\"widget\" data-widget_type=\"heading.default\">\n\t\t\t\t<div class=\"elementor-widget-container\">\n\t\t\t\t\t<h2 class=\"elementor-heading-title elementor-size-default\">Accesibilidade<\/h2>\t\t\t\t<\/div>\n\t\t\t\t<\/div>\n\t\t\t\t<div class=\"elementor-element elementor-element-4a9ea147 elementor-widget elementor-widget-text-editor\" data-id=\"4a9ea147\" data-element_type=\"widget\" data-e-type=\"widget\" data-widget_type=\"text-editor.default\">\n\t\t\t\t<div class=\"elementor-widget-container\">\n\t\t\t\t\t\t\t\t\t<p>Esta declara\u00e7\u00e3o de acessibilidade aplica-se ao s\u00edtio Web https:\/\/supplaffairs.com\/. Os crit\u00e9rios adoptados para conseguir uma maior acessibilidade do s\u00edtio web do Supplaffairs baseiam-se nas directrizes WCAG\/WAI estabelecidas pelo World Wide Web Consortium (W3C), que \u00e9 a organiza\u00e7\u00e3o supranacional respons\u00e1vel pela supervis\u00e3o das tecnologias da Internet e pela ado\u00e7\u00e3o de normas da Internet. Neste sentido, o desenvolvimento do s\u00edtio Web baseou-se no cumprimento das Directrizes de Acessibilidade para o Conte\u00fado da Web W3C-WAI WCAG 2.1 (WCAG 2.1) no n\u00edvel AA. Algumas das funcionalidades implementadas no s\u00edtio Web https:\/\/supplaffairs.com\/, para permitir uma maior acessibilidade aos seus conte\u00fados s\u00e3o:<\/p><ul><li>As caracter\u00edsticas visuais do portal (tipo de letra, cor da fonte e do fundo, etc.) s\u00e3o definidas atrav\u00e9s da folha de estilos para que o utilizador possa ajustar o texto \u00e0s suas prefer\u00eancias.<\/li><li>Os tamanhos de letra foram definidos com unidades relativas, de modo a que o tamanho da letra possa ser aumentado ou diminu\u00eddo a partir das op\u00e7\u00f5es do browser.<\/li><li>As p\u00e1ginas t\u00eam uma estrutura clara tanto para o utilizador que consegue ver todo o conte\u00fado, como para quem l\u00ea a informa\u00e7\u00e3o com um leitor de ecr\u00e3, utilizadores que desactivam a folha de estilos, etc. No \u00e2mbito deste objetivo, os cabe\u00e7alhos das sec\u00e7\u00f5es, as listas e todos os elementos que ajudam \u00e0 compreens\u00e3o geral do s\u00edtio Web foram definidos por meio de c\u00f3digo HTML.<\/li><li>O c\u00f3digo HTML e CSS utilizado est\u00e1 em conformidade com gram\u00e1ticas formais para garantir a visualiza\u00e7\u00e3o correcta dos conte\u00fados em diferentes navegadores.<\/li><\/ul><p>Esta declara\u00e7\u00e3o foi elaborada em 16 de novembro de 2023. O m\u00e9todo utilizado para elaborar a declara\u00e7\u00e3o foi uma auditoria de acessibilidade efectuada pela empresa Estudi ZUK, S.L. em 16\/11\/2023. \u00daltima revis\u00e3o da declara\u00e7\u00e3o: 16 de novembro de 2023. O resultado da auditoria foi a total conformidade com os requisitos das WCAG 2.1 no n\u00edvel AA, o que reflecte o cumprimento do n\u00edvel de acessibilidade exigido pela legisla\u00e7\u00e3o em vigor. As sugest\u00f5es ou pedidos relativos \u00e0 acessibilidade da Web podem ser feitos atrav\u00e9s do formul\u00e1rio de contacto: <a href=\"https:\/\/supplaffairs.com\/pt-pt\/contate-nos\/\">https:\/\/supplaffairs.com\/pt-pt\/contacto\/<\/a><\/p>\t\t\t\t\t\t\t\t<\/div>\n\t\t\t\t<\/div>\n\t\t\t\t\t<\/div>\n\t\t\t\t<\/div>\n\t\t\t\t<\/div>\n\t\t","protected":false},"excerpt":{"rendered":"<p>Accesibilidade Esta declara\u00e7\u00e3o de acessibilidade aplica-se ao s\u00edtio Web https:\/\/supplaffairs.com\/. Os crit\u00e9rios adoptados para conseguir uma maior acessibilidade do s\u00edtio web do Supplaffairs baseiam-se nas directrizes WCAG\/WAI estabelecidas pelo World Wide Web Consortium (W3C), que \u00e9 a organiza\u00e7\u00e3o supranacional respons\u00e1vel pela supervis\u00e3o das tecnologias da Internet e pela ado\u00e7\u00e3o de normas da Internet. Neste sentido, o desenvolvimento do s\u00edtio Web baseou-se no cumprimento das Directrizes de Acessibilidade para o Conte\u00fado da Web W3C-WAI WCAG 2.1 (WCAG 2.1) no n\u00edvel AA. Algumas das funcionalidades implementadas no s\u00edtio Web https:\/\/supplaffairs.com\/, para permitir uma maior acessibilidade aos seus conte\u00fados s\u00e3o: As caracter\u00edsticas visuais do portal (tipo de letra, cor da fonte e do fundo, etc.) s\u00e3o definidas atrav\u00e9s da folha de estilos para que o utilizador possa ajustar o texto \u00e0s suas prefer\u00eancias. Os tamanhos de letra foram definidos com unidades relativas, de modo a que o tamanho da letra possa ser aumentado ou diminu\u00eddo a partir das op\u00e7\u00f5es do browser. As p\u00e1ginas t\u00eam uma estrutura clara tanto para o utilizador que consegue ver todo o conte\u00fado, como para quem l\u00ea a informa\u00e7\u00e3o com um leitor de ecr\u00e3, utilizadores que desactivam a folha de estilos, etc. No \u00e2mbito deste objetivo, os cabe\u00e7alhos das sec\u00e7\u00f5es, as listas e todos os elementos que ajudam \u00e0 compreens\u00e3o geral do s\u00edtio Web foram definidos por meio de c\u00f3digo HTML. O c\u00f3digo HTML e CSS utilizado est\u00e1 em conformidade com gram\u00e1ticas formais para garantir a visualiza\u00e7\u00e3o correcta dos conte\u00fados em diferentes navegadores. Esta declara\u00e7\u00e3o foi elaborada em 16 de novembro de 2023. O m\u00e9todo utilizado para elaborar a declara\u00e7\u00e3o foi uma auditoria de acessibilidade efectuada pela empresa Estudi ZUK, S.L. em 16\/11\/2023. \u00daltima revis\u00e3o da declara\u00e7\u00e3o: 16 de novembro de 2023. O resultado da auditoria foi a total conformidade com os requisitos das WCAG 2.1 no n\u00edvel AA, o que reflecte o cumprimento do n\u00edvel de acessibilidade exigido pela legisla\u00e7\u00e3o em vigor. As sugest\u00f5es ou pedidos relativos \u00e0 acessibilidade da Web podem ser feitos atrav\u00e9s do formul\u00e1rio de contacto: https:\/\/supplaffairs.com\/pt-pt\/contacto\/<\/p>\n","protected":false},"author":1,"featured_media":0,"parent":0,"menu_order":0,"comment_status":"closed","ping_status":"closed","template":"elementor_header_footer","meta":{"ocean_post_layout":"","ocean_both_sidebars_style":"","ocean_both_sidebars_content_width":0,"ocean_both_sidebars_sidebars_width":0,"ocean_sidebar":"","ocean_second_sidebar":"","ocean_disable_margins":"enable","ocean_add_body_class":"","ocean_shortcode_before_top_bar":"","ocean_shortcode_after_top_bar":"","ocean_shortcode_before_header":"","ocean_shortcode_after_header":"","ocean_has_shortcode":"","ocean_shortcode_after_title":"","ocean_shortcode_before_footer_widgets":"","ocean_shortcode_after_footer_widgets":"","ocean_shortcode_before_footer_bottom":"","ocean_shortcode_after_footer_bottom":"","ocean_display_top_bar":"default","ocean_display_header":"default","ocean_header_style":"","ocean_center_header_left_menu":"","ocean_custom_header_template":"","ocean_custom_logo":0,"ocean_custom_retina_logo":0,"ocean_custom_logo_max_width":0,"ocean_custom_logo_tablet_max_width":0,"ocean_custom_logo_mobile_max_width":0,"ocean_custom_logo_max_height":0,"ocean_custom_logo_tablet_max_height":0,"ocean_custom_logo_mobile_max_height":0,"ocean_header_custom_menu":"","ocean_menu_typo_font_family":"","ocean_menu_typo_font_subset":"","ocean_menu_typo_font_size":0,"ocean_menu_typo_font_size_tablet":0,"ocean_menu_typo_font_size_mobile":0,"ocean_menu_typo_font_size_unit":"px","ocean_menu_typo_font_weight":"","ocean_menu_typo_font_weight_tablet":"","ocean_menu_typo_font_weight_mobile":"","ocean_menu_typo_transform":"","ocean_menu_typo_transform_tablet":"","ocean_menu_typo_transform_mobile":"","ocean_menu_typo_line_height":0,"ocean_menu_typo_line_height_tablet":0,"ocean_menu_typo_line_height_mobile":0,"ocean_menu_typo_line_height_unit":"","ocean_menu_typo_spacing":0,"ocean_menu_typo_spacing_tablet":0,"ocean_menu_typo_spacing_mobile":0,"ocean_menu_typo_spacing_unit":"","ocean_menu_link_color":"","ocean_menu_link_color_hover":"","ocean_menu_link_color_active":"","ocean_menu_link_background":"","ocean_menu_link_hover_background":"","ocean_menu_link_active_background":"","ocean_menu_social_links_bg":"","ocean_menu_social_hover_links_bg":"","ocean_menu_social_links_color":"","ocean_menu_social_hover_links_color":"","ocean_disable_title":"default","ocean_disable_heading":"default","ocean_post_title":"","ocean_post_subheading":"","ocean_post_title_style":"","ocean_post_title_background_color":"","ocean_post_title_background":0,"ocean_post_title_bg_image_position":"","ocean_post_title_bg_image_attachment":"","ocean_post_title_bg_image_repeat":"","ocean_post_title_bg_image_size":"","ocean_post_title_height":0,"ocean_post_title_bg_overlay":0.5,"ocean_post_title_bg_overlay_color":"","ocean_disable_breadcrumbs":"default","ocean_breadcrumbs_color":"","ocean_breadcrumbs_separator_color":"","ocean_breadcrumbs_links_color":"","ocean_breadcrumbs_links_hover_color":"","ocean_display_footer_widgets":"default","ocean_display_footer_bottom":"default","ocean_custom_footer_template":"","footnotes":""},"class_list":["post-1877","page","type-page","status-publish","hentry","entry"],"yoast_head":"<!-- This site is optimized with the Yoast SEO plugin v27.2 - https:\/\/yoast.com\/product\/yoast-seo-wordpress\/ -->\n<title>Acessibilidade - Supplaffairs<\/title>\n<meta name=\"robots\" content=\"noindex, follow\" \/>\n<meta property=\"og:locale\" content=\"pt_PT\" \/>\n<meta property=\"og:type\" content=\"article\" \/>\n<meta property=\"og:title\" content=\"Acessibilidade - Supplaffairs\" \/>\n<meta property=\"og:description\" content=\"Accesibilidade Esta declara\u00e7\u00e3o de acessibilidade aplica-se ao s\u00edtio Web https:\/\/supplaffairs.com\/. Os crit\u00e9rios adoptados para conseguir uma maior acessibilidade do s\u00edtio web do Supplaffairs baseiam-se nas directrizes WCAG\/WAI estabelecidas pelo World Wide Web Consortium (W3C), que \u00e9 a organiza\u00e7\u00e3o supranacional respons\u00e1vel pela supervis\u00e3o das tecnologias da Internet e pela ado\u00e7\u00e3o de normas da Internet. Neste sentido, o desenvolvimento do s\u00edtio Web baseou-se no cumprimento das Directrizes de Acessibilidade para o Conte\u00fado da Web W3C-WAI WCAG 2.1 (WCAG 2.1) no n\u00edvel AA. Algumas das funcionalidades implementadas no s\u00edtio Web https:\/\/supplaffairs.com\/, para permitir uma maior acessibilidade aos seus conte\u00fados s\u00e3o: As caracter\u00edsticas visuais do portal (tipo de letra, cor da fonte e do fundo, etc.) s\u00e3o definidas atrav\u00e9s da folha de estilos para que o utilizador possa ajustar o texto \u00e0s suas prefer\u00eancias. Os tamanhos de letra foram definidos com unidades relativas, de modo a que o tamanho da letra possa ser aumentado ou diminu\u00eddo a partir das op\u00e7\u00f5es do browser. As p\u00e1ginas t\u00eam uma estrutura clara tanto para o utilizador que consegue ver todo o conte\u00fado, como para quem l\u00ea a informa\u00e7\u00e3o com um leitor de ecr\u00e3, utilizadores que desactivam a folha de estilos, etc. No \u00e2mbito deste objetivo, os cabe\u00e7alhos das sec\u00e7\u00f5es, as listas e todos os elementos que ajudam \u00e0 compreens\u00e3o geral do s\u00edtio Web foram definidos por meio de c\u00f3digo HTML. O c\u00f3digo HTML e CSS utilizado est\u00e1 em conformidade com gram\u00e1ticas formais para garantir a visualiza\u00e7\u00e3o correcta dos conte\u00fados em diferentes navegadores. Esta declara\u00e7\u00e3o foi elaborada em 16 de novembro de 2023. O m\u00e9todo utilizado para elaborar a declara\u00e7\u00e3o foi uma auditoria de acessibilidade efectuada pela empresa Estudi ZUK, S.L. em 16\/11\/2023. \u00daltima revis\u00e3o da declara\u00e7\u00e3o: 16 de novembro de 2023. O resultado da auditoria foi a total conformidade com os requisitos das WCAG 2.1 no n\u00edvel AA, o que reflecte o cumprimento do n\u00edvel de acessibilidade exigido pela legisla\u00e7\u00e3o em vigor. As sugest\u00f5es ou pedidos relativos \u00e0 acessibilidade da Web podem ser feitos atrav\u00e9s do formul\u00e1rio de contacto: https:\/\/supplaffairs.com\/pt-pt\/contacto\/\" \/>\n<meta property=\"og:url\" content=\"https:\/\/supplaffairs.com\/pt-pt\/acessibilidade\/\" \/>\n<meta property=\"og:site_name\" content=\"Supplaffairs\" \/>\n<meta property=\"article:modified_time\" content=\"2023-11-22T16:27:07+00:00\" \/>\n<meta name=\"twitter:card\" content=\"summary_large_image\" \/>\n<meta name=\"twitter:label1\" content=\"Tempo estimado de leitura\" \/>\n\t<meta name=\"twitter:data1\" content=\"2 minutos\" \/>\n<script type=\"application\/ld+json\" class=\"yoast-schema-graph\">{\"@context\":\"https:\/\/schema.org\",\"@graph\":[{\"@type\":\"WebPage\",\"@id\":\"https:\/\/supplaffairs.com\/pt-pt\/acessibilidade\/\",\"url\":\"https:\/\/supplaffairs.com\/pt-pt\/acessibilidade\/\",\"name\":\"Acessibilidade - Supplaffairs\",\"isPartOf\":{\"@id\":\"https:\/\/supplaffairs.com\/#website\"},\"datePublished\":\"2023-11-14T16:03:56+00:00\",\"dateModified\":\"2023-11-22T16:27:07+00:00\",\"breadcrumb\":{\"@id\":\"https:\/\/supplaffairs.com\/pt-pt\/acessibilidade\/#breadcrumb\"},\"inLanguage\":\"pt-PT\",\"potentialAction\":[{\"@type\":\"ReadAction\",\"target\":[\"https:\/\/supplaffairs.com\/pt-pt\/acessibilidade\/\"]}]},{\"@type\":\"BreadcrumbList\",\"@id\":\"https:\/\/supplaffairs.com\/pt-pt\/acessibilidade\/#breadcrumb\",\"itemListElement\":[{\"@type\":\"ListItem\",\"position\":1,\"name\":\"Portada\",\"item\":\"https:\/\/supplaffairs.com\/\"},{\"@type\":\"ListItem\",\"position\":2,\"name\":\"Acessibilidade\"}]},{\"@type\":\"WebSite\",\"@id\":\"https:\/\/supplaffairs.com\/#website\",\"url\":\"https:\/\/supplaffairs.com\/\",\"name\":\"Supplaffairs\",\"description\":\"Consultor\u00eda de complementos alimenticios\",\"publisher\":{\"@id\":\"https:\/\/supplaffairs.com\/#organization\"},\"potentialAction\":[{\"@type\":\"SearchAction\",\"target\":{\"@type\":\"EntryPoint\",\"urlTemplate\":\"https:\/\/supplaffairs.com\/?s={search_term_string}\"},\"query-input\":{\"@type\":\"PropertyValueSpecification\",\"valueRequired\":true,\"valueName\":\"search_term_string\"}}],\"inLanguage\":\"pt-PT\"},{\"@type\":\"Organization\",\"@id\":\"https:\/\/supplaffairs.com\/#organization\",\"name\":\"Supplaffairs\",\"url\":\"https:\/\/supplaffairs.com\/\",\"logo\":{\"@type\":\"ImageObject\",\"inLanguage\":\"pt-PT\",\"@id\":\"https:\/\/supplaffairs.com\/#\/schema\/logo\/image\/\",\"url\":\"https:\/\/supplaffairs.com\/wp-content\/uploads\/2023\/10\/logo-Supplafairs-blanco.png\",\"contentUrl\":\"https:\/\/supplaffairs.com\/wp-content\/uploads\/2023\/10\/logo-Supplafairs-blanco.png\",\"width\":500,\"height\":290,\"caption\":\"Supplaffairs\"},\"image\":{\"@id\":\"https:\/\/supplaffairs.com\/#\/schema\/logo\/image\/\"}}]}<\/script>\n<!-- \/ Yoast SEO plugin. -->","yoast_head_json":{"title":"Acessibilidade - Supplaffairs","robots":{"index":"noindex","follow":"follow"},"og_locale":"pt_PT","og_type":"article","og_title":"Acessibilidade - Supplaffairs","og_description":"Accesibilidade Esta declara\u00e7\u00e3o de acessibilidade aplica-se ao s\u00edtio Web https:\/\/supplaffairs.com\/. Os crit\u00e9rios adoptados para conseguir uma maior acessibilidade do s\u00edtio web do Supplaffairs baseiam-se nas directrizes WCAG\/WAI estabelecidas pelo World Wide Web Consortium (W3C), que \u00e9 a organiza\u00e7\u00e3o supranacional respons\u00e1vel pela supervis\u00e3o das tecnologias da Internet e pela ado\u00e7\u00e3o de normas da Internet. Neste sentido, o desenvolvimento do s\u00edtio Web baseou-se no cumprimento das Directrizes de Acessibilidade para o Conte\u00fado da Web W3C-WAI WCAG 2.1 (WCAG 2.1) no n\u00edvel AA. Algumas das funcionalidades implementadas no s\u00edtio Web https:\/\/supplaffairs.com\/, para permitir uma maior acessibilidade aos seus conte\u00fados s\u00e3o: As caracter\u00edsticas visuais do portal (tipo de letra, cor da fonte e do fundo, etc.) s\u00e3o definidas atrav\u00e9s da folha de estilos para que o utilizador possa ajustar o texto \u00e0s suas prefer\u00eancias. Os tamanhos de letra foram definidos com unidades relativas, de modo a que o tamanho da letra possa ser aumentado ou diminu\u00eddo a partir das op\u00e7\u00f5es do browser. As p\u00e1ginas t\u00eam uma estrutura clara tanto para o utilizador que consegue ver todo o conte\u00fado, como para quem l\u00ea a informa\u00e7\u00e3o com um leitor de ecr\u00e3, utilizadores que desactivam a folha de estilos, etc. No \u00e2mbito deste objetivo, os cabe\u00e7alhos das sec\u00e7\u00f5es, as listas e todos os elementos que ajudam \u00e0 compreens\u00e3o geral do s\u00edtio Web foram definidos por meio de c\u00f3digo HTML. O c\u00f3digo HTML e CSS utilizado est\u00e1 em conformidade com gram\u00e1ticas formais para garantir a visualiza\u00e7\u00e3o correcta dos conte\u00fados em diferentes navegadores. Esta declara\u00e7\u00e3o foi elaborada em 16 de novembro de 2023. O m\u00e9todo utilizado para elaborar a declara\u00e7\u00e3o foi uma auditoria de acessibilidade efectuada pela empresa Estudi ZUK, S.L. em 16\/11\/2023. \u00daltima revis\u00e3o da declara\u00e7\u00e3o: 16 de novembro de 2023. O resultado da auditoria foi a total conformidade com os requisitos das WCAG 2.1 no n\u00edvel AA, o que reflecte o cumprimento do n\u00edvel de acessibilidade exigido pela legisla\u00e7\u00e3o em vigor. As sugest\u00f5es ou pedidos relativos \u00e0 acessibilidade da Web podem ser feitos atrav\u00e9s do formul\u00e1rio de contacto: https:\/\/supplaffairs.com\/pt-pt\/contacto\/","og_url":"https:\/\/supplaffairs.com\/pt-pt\/acessibilidade\/","og_site_name":"Supplaffairs","article_modified_time":"2023-11-22T16:27:07+00:00","twitter_card":"summary_large_image","twitter_misc":{"Tempo estimado de leitura":"2 minutos"},"schema":{"@context":"https:\/\/schema.org","@graph":[{"@type":"WebPage","@id":"https:\/\/supplaffairs.com\/pt-pt\/acessibilidade\/","url":"https:\/\/supplaffairs.com\/pt-pt\/acessibilidade\/","name":"Acessibilidade - Supplaffairs","isPartOf":{"@id":"https:\/\/supplaffairs.com\/#website"},"datePublished":"2023-11-14T16:03:56+00:00","dateModified":"2023-11-22T16:27:07+00:00","breadcrumb":{"@id":"https:\/\/supplaffairs.com\/pt-pt\/acessibilidade\/#breadcrumb"},"inLanguage":"pt-PT","potentialAction":[{"@type":"ReadAction","target":["https:\/\/supplaffairs.com\/pt-pt\/acessibilidade\/"]}]},{"@type":"BreadcrumbList","@id":"https:\/\/supplaffairs.com\/pt-pt\/acessibilidade\/#breadcrumb","itemListElement":[{"@type":"ListItem","position":1,"name":"Portada","item":"https:\/\/supplaffairs.com\/"},{"@type":"ListItem","position":2,"name":"Acessibilidade"}]},{"@type":"WebSite","@id":"https:\/\/supplaffairs.com\/#website","url":"https:\/\/supplaffairs.com\/","name":"Supplaffairs","description":"Consultor\u00eda de complementos alimenticios","publisher":{"@id":"https:\/\/supplaffairs.com\/#organization"},"potentialAction":[{"@type":"SearchAction","target":{"@type":"EntryPoint","urlTemplate":"https:\/\/supplaffairs.com\/?s={search_term_string}"},"query-input":{"@type":"PropertyValueSpecification","valueRequired":true,"valueName":"search_term_string"}}],"inLanguage":"pt-PT"},{"@type":"Organization","@id":"https:\/\/supplaffairs.com\/#organization","name":"Supplaffairs","url":"https:\/\/supplaffairs.com\/","logo":{"@type":"ImageObject","inLanguage":"pt-PT","@id":"https:\/\/supplaffairs.com\/#\/schema\/logo\/image\/","url":"https:\/\/supplaffairs.com\/wp-content\/uploads\/2023\/10\/logo-Supplafairs-blanco.png","contentUrl":"https:\/\/supplaffairs.com\/wp-content\/uploads\/2023\/10\/logo-Supplafairs-blanco.png","width":500,"height":290,"caption":"Supplaffairs"},"image":{"@id":"https:\/\/supplaffairs.com\/#\/schema\/logo\/image\/"}}]}},"rttpg_featured_image_url":null,"rttpg_author":{"display_name":"infozuk","author_link":"https:\/\/supplaffairs.com\/pt-pt\/author\/infozuk\/"},"rttpg_comment":0,"rttpg_category":" <a href=\"https:\/\/supplaffairs.com\/pt-pt\/?taxonomy=translation_priority&#038;term=opcional-pt-pt\" rel=\"tag\">Opcional<\/a>","rttpg_excerpt":"Accesibilidade Esta declara\u00e7\u00e3o de acessibilidade aplica-se ao s\u00edtio Web https:\/\/supplaffairs.com\/. Os crit\u00e9rios adoptados para conseguir uma maior acessibilidade do s\u00edtio web do Supplaffairs baseiam-se nas directrizes WCAG\/WAI estabelecidas pelo World Wide Web Consortium (W3C), que \u00e9 a organiza\u00e7\u00e3o supranacional respons\u00e1vel pela supervis\u00e3o das tecnologias da Internet e pela ado\u00e7\u00e3o de normas da Internet. Neste sentido,&hellip;","_links":{"self":[{"href":"https:\/\/supplaffairs.com\/pt-pt\/wp-json\/wp\/v2\/pages\/1877","targetHints":{"allow":["GET"]}}],"collection":[{"href":"https:\/\/supplaffairs.com\/pt-pt\/wp-json\/wp\/v2\/pages"}],"about":[{"href":"https:\/\/supplaffairs.com\/pt-pt\/wp-json\/wp\/v2\/types\/page"}],"author":[{"embeddable":true,"href":"https:\/\/supplaffairs.com\/pt-pt\/wp-json\/wp\/v2\/users\/1"}],"replies":[{"embeddable":true,"href":"https:\/\/supplaffairs.com\/pt-pt\/wp-json\/wp\/v2\/comments?post=1877"}],"version-history":[{"count":10,"href":"https:\/\/supplaffairs.com\/pt-pt\/wp-json\/wp\/v2\/pages\/1877\/revisions"}],"predecessor-version":[{"id":2028,"href":"https:\/\/supplaffairs.com\/pt-pt\/wp-json\/wp\/v2\/pages\/1877\/revisions\/2028"}],"wp:attachment":[{"href":"https:\/\/supplaffairs.com\/pt-pt\/wp-json\/wp\/v2\/media?parent=1877"}],"curies":[{"name":"wp","href":"https:\/\/api.w.org\/{rel}","templated":true}]}}