{"id":1911,"date":"2023-11-14T17:03:56","date_gmt":"2023-11-14T16:03:56","guid":{"rendered":"https:\/\/supplaffairs.com\/accesibilidad\/"},"modified":"2023-11-22T17:46:43","modified_gmt":"2023-11-22T16:46:43","slug":"accessibilite","status":"publish","type":"page","link":"https:\/\/supplaffairs.com\/fr\/accessibilite\/","title":{"rendered":"Accessibilit\u00e9"},"content":{"rendered":"\t\t<div data-elementor-type=\"wp-page\" data-elementor-id=\"1911\" class=\"elementor elementor-1911 elementor-1291\" data-elementor-post-type=\"page\">\n\t\t\t\t<div class=\"elementor-element elementor-element-3b5e58b0 e-flex e-con-boxed wpr-particle-no wpr-jarallax-no wpr-parallax-no wpr-sticky-section-no e-con e-parent\" data-id=\"3b5e58b0\" data-element_type=\"container\" data-e-type=\"container\">\n\t\t\t\t\t<div class=\"e-con-inner\">\n\t\t\t\t<div class=\"elementor-element elementor-element-186e910 elementor-widget elementor-widget-heading\" data-id=\"186e910\" data-element_type=\"widget\" data-e-type=\"widget\" data-widget_type=\"heading.default\">\n\t\t\t\t<div class=\"elementor-widget-container\">\n\t\t\t\t\t<h2 class=\"elementor-heading-title elementor-size-default\">Accessibilit\u00e9<\/h2>\t\t\t\t<\/div>\n\t\t\t\t<\/div>\n\t\t\t\t<div class=\"elementor-element elementor-element-4a9ea147 elementor-widget elementor-widget-text-editor\" data-id=\"4a9ea147\" data-element_type=\"widget\" data-e-type=\"widget\" data-widget_type=\"text-editor.default\">\n\t\t\t\t<div class=\"elementor-widget-container\">\n\t\t\t\t\t\t\t\t\t<p>Cette d\u00e9claration d&rsquo;accessibilit\u00e9 s&rsquo;applique au site web https:\/\/supplaffairs.com\/. Les crit\u00e8res adopt\u00e9s pour am\u00e9liorer l&rsquo;accessibilit\u00e9 du site Supplaffairs sont bas\u00e9s sur les directives WCAG\/WAI \u00e9tablies par le World Wide Web Consortium (W3C), l&rsquo;organisation supranationale responsable de la supervision des technologies Internet et de l&rsquo;adoption des normes Internet. En ce sens, le d\u00e9veloppement du site web a \u00e9t\u00e9 bas\u00e9 sur la conformit\u00e9 avec les directives W3C-WAI WCAG 2.1 pour l&rsquo;accessibilit\u00e9 du contenu web (WCAG 2.1) au niveau AA. Voici quelques-unes des fonctionnalit\u00e9s mises en \u0153uvre sur le site web https:\/\/supplaffairs.com\/ pour permettre une plus grande accessibilit\u00e9 \u00e0 son contenu :<\/p><ul><li>Les caract\u00e9ristiques visuelles du portail (type de police, couleur de la police et de l&rsquo;arri\u00e8re-plan, etc.) sont d\u00e9finies au moyen de la feuille de style afin que l&rsquo;utilisateur puisse adapter le texte \u00e0 ses pr\u00e9f\u00e9rences.<\/li><li>La taille des polices a \u00e9t\u00e9 d\u00e9finie avec des unit\u00e9s relatives de sorte que la taille des polices peut \u00eatre augment\u00e9e ou diminu\u00e9e \u00e0 partir des options du navigateur.<\/li><li>Les pages ont une structure claire tant pour l&rsquo;utilisateur qui peut voir tout le contenu que pour ceux qui lisent l&rsquo;information \u00e0 l&rsquo;aide d&rsquo;un lecteur d&rsquo;\u00e9cran, les utilisateurs qui d\u00e9sactivent la feuille de style, etc. Dans le cadre de cet objectif, les en-t\u00eates de section, les listes et tous les \u00e9l\u00e9ments qui aident \u00e0 la compr\u00e9hension g\u00e9n\u00e9rale du site web ont \u00e9t\u00e9 d\u00e9finis au moyen du code HTML.<\/li><li>Le code HTML et CSS utilis\u00e9 est conforme \u00e0 des grammaires formelles afin de garantir l&rsquo;affichage correct des contenus dans les diff\u00e9rents navigateurs.<\/li><\/ul><p>Cette d\u00e9claration a \u00e9t\u00e9 pr\u00e9par\u00e9e le 16 novembre 2023. La m\u00e9thode utilis\u00e9e pour pr\u00e9parer la d\u00e9claration a \u00e9t\u00e9 un audit d&rsquo;accessibilit\u00e9 r\u00e9alis\u00e9 par la soci\u00e9t\u00e9 Estudi ZUK, S.L. le 16\/11\/2023. Derni\u00e8re r\u00e9vision de la d\u00e9claration : 16 novembre 2023. Le r\u00e9sultat de l&rsquo;audit \u00e9tait enti\u00e8rement conforme aux exigences des WCAG 2.1 au niveau AA, ce qui refl\u00e8te le respect du niveau d&rsquo;accessibilit\u00e9 requis par la l\u00e9gislation en vigueur. Les suggestions ou demandes concernant l&rsquo;accessibilit\u00e9 du web peuvent \u00eatre faites en utilisant le formulaire de contact : https:\/\/supplaffairs.com\/fr\/contactez-nous\/.<\/p>\t\t\t\t\t\t\t\t<\/div>\n\t\t\t\t<\/div>\n\t\t\t\t\t<\/div>\n\t\t\t\t<\/div>\n\t\t\t\t<\/div>\n\t\t","protected":false},"excerpt":{"rendered":"<p>Accessibilit\u00e9 Cette d\u00e9claration d&rsquo;accessibilit\u00e9 s&rsquo;applique au site web https:\/\/supplaffairs.com\/. Les crit\u00e8res adopt\u00e9s pour am\u00e9liorer l&rsquo;accessibilit\u00e9 du site Supplaffairs sont bas\u00e9s sur les directives WCAG\/WAI \u00e9tablies par le World Wide Web Consortium (W3C), l&rsquo;organisation supranationale responsable de la supervision des technologies Internet et de l&rsquo;adoption des normes Internet. En ce sens, le d\u00e9veloppement du site web a \u00e9t\u00e9 bas\u00e9 sur la conformit\u00e9 avec les directives W3C-WAI WCAG 2.1 pour l&rsquo;accessibilit\u00e9 du contenu web (WCAG 2.1) au niveau AA. Voici quelques-unes des fonctionnalit\u00e9s mises en \u0153uvre sur le site web https:\/\/supplaffairs.com\/ pour permettre une plus grande accessibilit\u00e9 \u00e0 son contenu : Les caract\u00e9ristiques visuelles du portail (type de police, couleur de la police et de l&rsquo;arri\u00e8re-plan, etc.) sont d\u00e9finies au moyen de la feuille de style afin que l&rsquo;utilisateur puisse adapter le texte \u00e0 ses pr\u00e9f\u00e9rences. La taille des polices a \u00e9t\u00e9 d\u00e9finie avec des unit\u00e9s relatives de sorte que la taille des polices peut \u00eatre augment\u00e9e ou diminu\u00e9e \u00e0 partir des options du navigateur. Les pages ont une structure claire tant pour l&rsquo;utilisateur qui peut voir tout le contenu que pour ceux qui lisent l&rsquo;information \u00e0 l&rsquo;aide d&rsquo;un lecteur d&rsquo;\u00e9cran, les utilisateurs qui d\u00e9sactivent la feuille de style, etc. Dans le cadre de cet objectif, les en-t\u00eates de section, les listes et tous les \u00e9l\u00e9ments qui aident \u00e0 la compr\u00e9hension g\u00e9n\u00e9rale du site web ont \u00e9t\u00e9 d\u00e9finis au moyen du code HTML. Le code HTML et CSS utilis\u00e9 est conforme \u00e0 des grammaires formelles afin de garantir l&rsquo;affichage correct des contenus dans les diff\u00e9rents navigateurs. Cette d\u00e9claration a \u00e9t\u00e9 pr\u00e9par\u00e9e le 16 novembre 2023. La m\u00e9thode utilis\u00e9e pour pr\u00e9parer la d\u00e9claration a \u00e9t\u00e9 un audit d&rsquo;accessibilit\u00e9 r\u00e9alis\u00e9 par la soci\u00e9t\u00e9 Estudi ZUK, S.L. le 16\/11\/2023. Derni\u00e8re r\u00e9vision de la d\u00e9claration : 16 novembre 2023. Le r\u00e9sultat de l&rsquo;audit \u00e9tait enti\u00e8rement conforme aux exigences des WCAG 2.1 au niveau AA, ce qui refl\u00e8te le respect du niveau d&rsquo;accessibilit\u00e9 requis par la l\u00e9gislation en vigueur. Les suggestions ou demandes concernant l&rsquo;accessibilit\u00e9 du web peuvent \u00eatre faites en utilisant le formulaire de contact : https:\/\/supplaffairs.com\/fr\/contactez-nous\/.<\/p>\n","protected":false},"author":1,"featured_media":0,"parent":0,"menu_order":0,"comment_status":"closed","ping_status":"closed","template":"elementor_header_footer","meta":{"ocean_post_layout":"","ocean_both_sidebars_style":"","ocean_both_sidebars_content_width":0,"ocean_both_sidebars_sidebars_width":0,"ocean_sidebar":"","ocean_second_sidebar":"","ocean_disable_margins":"enable","ocean_add_body_class":"","ocean_shortcode_before_top_bar":"","ocean_shortcode_after_top_bar":"","ocean_shortcode_before_header":"","ocean_shortcode_after_header":"","ocean_has_shortcode":"","ocean_shortcode_after_title":"","ocean_shortcode_before_footer_widgets":"","ocean_shortcode_after_footer_widgets":"","ocean_shortcode_before_footer_bottom":"","ocean_shortcode_after_footer_bottom":"","ocean_display_top_bar":"default","ocean_display_header":"default","ocean_header_style":"","ocean_center_header_left_menu":"","ocean_custom_header_template":"","ocean_custom_logo":0,"ocean_custom_retina_logo":0,"ocean_custom_logo_max_width":0,"ocean_custom_logo_tablet_max_width":0,"ocean_custom_logo_mobile_max_width":0,"ocean_custom_logo_max_height":0,"ocean_custom_logo_tablet_max_height":0,"ocean_custom_logo_mobile_max_height":0,"ocean_header_custom_menu":"","ocean_menu_typo_font_family":"","ocean_menu_typo_font_subset":"","ocean_menu_typo_font_size":0,"ocean_menu_typo_font_size_tablet":0,"ocean_menu_typo_font_size_mobile":0,"ocean_menu_typo_font_size_unit":"px","ocean_menu_typo_font_weight":"","ocean_menu_typo_font_weight_tablet":"","ocean_menu_typo_font_weight_mobile":"","ocean_menu_typo_transform":"","ocean_menu_typo_transform_tablet":"","ocean_menu_typo_transform_mobile":"","ocean_menu_typo_line_height":0,"ocean_menu_typo_line_height_tablet":0,"ocean_menu_typo_line_height_mobile":0,"ocean_menu_typo_line_height_unit":"","ocean_menu_typo_spacing":0,"ocean_menu_typo_spacing_tablet":0,"ocean_menu_typo_spacing_mobile":0,"ocean_menu_typo_spacing_unit":"","ocean_menu_link_color":"","ocean_menu_link_color_hover":"","ocean_menu_link_color_active":"","ocean_menu_link_background":"","ocean_menu_link_hover_background":"","ocean_menu_link_active_background":"","ocean_menu_social_links_bg":"","ocean_menu_social_hover_links_bg":"","ocean_menu_social_links_color":"","ocean_menu_social_hover_links_color":"","ocean_disable_title":"default","ocean_disable_heading":"default","ocean_post_title":"","ocean_post_subheading":"","ocean_post_title_style":"","ocean_post_title_background_color":"","ocean_post_title_background":0,"ocean_post_title_bg_image_position":"","ocean_post_title_bg_image_attachment":"","ocean_post_title_bg_image_repeat":"","ocean_post_title_bg_image_size":"","ocean_post_title_height":0,"ocean_post_title_bg_overlay":0.5,"ocean_post_title_bg_overlay_color":"","ocean_disable_breadcrumbs":"default","ocean_breadcrumbs_color":"","ocean_breadcrumbs_separator_color":"","ocean_breadcrumbs_links_color":"","ocean_breadcrumbs_links_hover_color":"","ocean_display_footer_widgets":"default","ocean_display_footer_bottom":"default","ocean_custom_footer_template":"","footnotes":""},"class_list":["post-1911","page","type-page","status-publish","hentry","entry"],"yoast_head":"<!-- This site is optimized with the Yoast SEO plugin v27.2 - https:\/\/yoast.com\/product\/yoast-seo-wordpress\/ -->\n<title>Accessibilit\u00e9 - Supplaffairs<\/title>\n<meta name=\"robots\" content=\"noindex, follow\" \/>\n<meta property=\"og:locale\" content=\"fr_FR\" \/>\n<meta property=\"og:type\" content=\"article\" \/>\n<meta property=\"og:title\" content=\"Accessibilit\u00e9 - Supplaffairs\" \/>\n<meta property=\"og:description\" content=\"Accessibilit\u00e9 Cette d\u00e9claration d&rsquo;accessibilit\u00e9 s&rsquo;applique au site web https:\/\/supplaffairs.com\/. Les crit\u00e8res adopt\u00e9s pour am\u00e9liorer l&rsquo;accessibilit\u00e9 du site Supplaffairs sont bas\u00e9s sur les directives WCAG\/WAI \u00e9tablies par le World Wide Web Consortium (W3C), l&rsquo;organisation supranationale responsable de la supervision des technologies Internet et de l&rsquo;adoption des normes Internet. En ce sens, le d\u00e9veloppement du site web a \u00e9t\u00e9 bas\u00e9 sur la conformit\u00e9 avec les directives W3C-WAI WCAG 2.1 pour l&rsquo;accessibilit\u00e9 du contenu web (WCAG 2.1) au niveau AA. Voici quelques-unes des fonctionnalit\u00e9s mises en \u0153uvre sur le site web https:\/\/supplaffairs.com\/ pour permettre une plus grande accessibilit\u00e9 \u00e0 son contenu : Les caract\u00e9ristiques visuelles du portail (type de police, couleur de la police et de l&rsquo;arri\u00e8re-plan, etc.) sont d\u00e9finies au moyen de la feuille de style afin que l&rsquo;utilisateur puisse adapter le texte \u00e0 ses pr\u00e9f\u00e9rences. La taille des polices a \u00e9t\u00e9 d\u00e9finie avec des unit\u00e9s relatives de sorte que la taille des polices peut \u00eatre augment\u00e9e ou diminu\u00e9e \u00e0 partir des options du navigateur. Les pages ont une structure claire tant pour l&rsquo;utilisateur qui peut voir tout le contenu que pour ceux qui lisent l&rsquo;information \u00e0 l&rsquo;aide d&rsquo;un lecteur d&rsquo;\u00e9cran, les utilisateurs qui d\u00e9sactivent la feuille de style, etc. Dans le cadre de cet objectif, les en-t\u00eates de section, les listes et tous les \u00e9l\u00e9ments qui aident \u00e0 la compr\u00e9hension g\u00e9n\u00e9rale du site web ont \u00e9t\u00e9 d\u00e9finis au moyen du code HTML. Le code HTML et CSS utilis\u00e9 est conforme \u00e0 des grammaires formelles afin de garantir l&rsquo;affichage correct des contenus dans les diff\u00e9rents navigateurs. Cette d\u00e9claration a \u00e9t\u00e9 pr\u00e9par\u00e9e le 16 novembre 2023. La m\u00e9thode utilis\u00e9e pour pr\u00e9parer la d\u00e9claration a \u00e9t\u00e9 un audit d&rsquo;accessibilit\u00e9 r\u00e9alis\u00e9 par la soci\u00e9t\u00e9 Estudi ZUK, S.L. le 16\/11\/2023. Derni\u00e8re r\u00e9vision de la d\u00e9claration : 16 novembre 2023. Le r\u00e9sultat de l&rsquo;audit \u00e9tait enti\u00e8rement conforme aux exigences des WCAG 2.1 au niveau AA, ce qui refl\u00e8te le respect du niveau d&rsquo;accessibilit\u00e9 requis par la l\u00e9gislation en vigueur. Les suggestions ou demandes concernant l&rsquo;accessibilit\u00e9 du web peuvent \u00eatre faites en utilisant le formulaire de contact : https:\/\/supplaffairs.com\/fr\/contactez-nous\/.\" \/>\n<meta property=\"og:url\" content=\"https:\/\/supplaffairs.com\/fr\/accessibilite\/\" \/>\n<meta property=\"og:site_name\" content=\"Supplaffairs\" \/>\n<meta property=\"article:modified_time\" content=\"2023-11-22T16:46:43+00:00\" \/>\n<meta name=\"twitter:card\" content=\"summary_large_image\" \/>\n<meta name=\"twitter:label1\" content=\"Dur\u00e9e de lecture estim\u00e9e\" \/>\n\t<meta name=\"twitter:data1\" content=\"2 minutes\" \/>\n<script type=\"application\/ld+json\" class=\"yoast-schema-graph\">{\"@context\":\"https:\/\/schema.org\",\"@graph\":[{\"@type\":\"WebPage\",\"@id\":\"https:\/\/supplaffairs.com\/fr\/accessibilite\/\",\"url\":\"https:\/\/supplaffairs.com\/fr\/accessibilite\/\",\"name\":\"Accessibilit\u00e9 - Supplaffairs\",\"isPartOf\":{\"@id\":\"https:\/\/supplaffairs.com\/#website\"},\"datePublished\":\"2023-11-14T16:03:56+00:00\",\"dateModified\":\"2023-11-22T16:46:43+00:00\",\"breadcrumb\":{\"@id\":\"https:\/\/supplaffairs.com\/fr\/accessibilite\/#breadcrumb\"},\"inLanguage\":\"fr-FR\",\"potentialAction\":[{\"@type\":\"ReadAction\",\"target\":[\"https:\/\/supplaffairs.com\/fr\/accessibilite\/\"]}]},{\"@type\":\"BreadcrumbList\",\"@id\":\"https:\/\/supplaffairs.com\/fr\/accessibilite\/#breadcrumb\",\"itemListElement\":[{\"@type\":\"ListItem\",\"position\":1,\"name\":\"Portada\",\"item\":\"https:\/\/supplaffairs.com\/\"},{\"@type\":\"ListItem\",\"position\":2,\"name\":\"Accessibilit\u00e9\"}]},{\"@type\":\"WebSite\",\"@id\":\"https:\/\/supplaffairs.com\/#website\",\"url\":\"https:\/\/supplaffairs.com\/\",\"name\":\"Supplaffairs\",\"description\":\"Consultor\u00eda de complementos alimenticios\",\"publisher\":{\"@id\":\"https:\/\/supplaffairs.com\/#organization\"},\"potentialAction\":[{\"@type\":\"SearchAction\",\"target\":{\"@type\":\"EntryPoint\",\"urlTemplate\":\"https:\/\/supplaffairs.com\/?s={search_term_string}\"},\"query-input\":{\"@type\":\"PropertyValueSpecification\",\"valueRequired\":true,\"valueName\":\"search_term_string\"}}],\"inLanguage\":\"fr-FR\"},{\"@type\":\"Organization\",\"@id\":\"https:\/\/supplaffairs.com\/#organization\",\"name\":\"Supplaffairs\",\"url\":\"https:\/\/supplaffairs.com\/\",\"logo\":{\"@type\":\"ImageObject\",\"inLanguage\":\"fr-FR\",\"@id\":\"https:\/\/supplaffairs.com\/#\/schema\/logo\/image\/\",\"url\":\"https:\/\/supplaffairs.com\/wp-content\/uploads\/2023\/10\/logo-Supplafairs-blanco.png\",\"contentUrl\":\"https:\/\/supplaffairs.com\/wp-content\/uploads\/2023\/10\/logo-Supplafairs-blanco.png\",\"width\":500,\"height\":290,\"caption\":\"Supplaffairs\"},\"image\":{\"@id\":\"https:\/\/supplaffairs.com\/#\/schema\/logo\/image\/\"}}]}<\/script>\n<!-- \/ Yoast SEO plugin. -->","yoast_head_json":{"title":"Accessibilit\u00e9 - Supplaffairs","robots":{"index":"noindex","follow":"follow"},"og_locale":"fr_FR","og_type":"article","og_title":"Accessibilit\u00e9 - Supplaffairs","og_description":"Accessibilit\u00e9 Cette d\u00e9claration d&rsquo;accessibilit\u00e9 s&rsquo;applique au site web https:\/\/supplaffairs.com\/. Les crit\u00e8res adopt\u00e9s pour am\u00e9liorer l&rsquo;accessibilit\u00e9 du site Supplaffairs sont bas\u00e9s sur les directives WCAG\/WAI \u00e9tablies par le World Wide Web Consortium (W3C), l&rsquo;organisation supranationale responsable de la supervision des technologies Internet et de l&rsquo;adoption des normes Internet. En ce sens, le d\u00e9veloppement du site web a \u00e9t\u00e9 bas\u00e9 sur la conformit\u00e9 avec les directives W3C-WAI WCAG 2.1 pour l&rsquo;accessibilit\u00e9 du contenu web (WCAG 2.1) au niveau AA. Voici quelques-unes des fonctionnalit\u00e9s mises en \u0153uvre sur le site web https:\/\/supplaffairs.com\/ pour permettre une plus grande accessibilit\u00e9 \u00e0 son contenu : Les caract\u00e9ristiques visuelles du portail (type de police, couleur de la police et de l&rsquo;arri\u00e8re-plan, etc.) sont d\u00e9finies au moyen de la feuille de style afin que l&rsquo;utilisateur puisse adapter le texte \u00e0 ses pr\u00e9f\u00e9rences. La taille des polices a \u00e9t\u00e9 d\u00e9finie avec des unit\u00e9s relatives de sorte que la taille des polices peut \u00eatre augment\u00e9e ou diminu\u00e9e \u00e0 partir des options du navigateur. Les pages ont une structure claire tant pour l&rsquo;utilisateur qui peut voir tout le contenu que pour ceux qui lisent l&rsquo;information \u00e0 l&rsquo;aide d&rsquo;un lecteur d&rsquo;\u00e9cran, les utilisateurs qui d\u00e9sactivent la feuille de style, etc. Dans le cadre de cet objectif, les en-t\u00eates de section, les listes et tous les \u00e9l\u00e9ments qui aident \u00e0 la compr\u00e9hension g\u00e9n\u00e9rale du site web ont \u00e9t\u00e9 d\u00e9finis au moyen du code HTML. Le code HTML et CSS utilis\u00e9 est conforme \u00e0 des grammaires formelles afin de garantir l&rsquo;affichage correct des contenus dans les diff\u00e9rents navigateurs. Cette d\u00e9claration a \u00e9t\u00e9 pr\u00e9par\u00e9e le 16 novembre 2023. La m\u00e9thode utilis\u00e9e pour pr\u00e9parer la d\u00e9claration a \u00e9t\u00e9 un audit d&rsquo;accessibilit\u00e9 r\u00e9alis\u00e9 par la soci\u00e9t\u00e9 Estudi ZUK, S.L. le 16\/11\/2023. Derni\u00e8re r\u00e9vision de la d\u00e9claration : 16 novembre 2023. Le r\u00e9sultat de l&rsquo;audit \u00e9tait enti\u00e8rement conforme aux exigences des WCAG 2.1 au niveau AA, ce qui refl\u00e8te le respect du niveau d&rsquo;accessibilit\u00e9 requis par la l\u00e9gislation en vigueur. Les suggestions ou demandes concernant l&rsquo;accessibilit\u00e9 du web peuvent \u00eatre faites en utilisant le formulaire de contact : https:\/\/supplaffairs.com\/fr\/contactez-nous\/.","og_url":"https:\/\/supplaffairs.com\/fr\/accessibilite\/","og_site_name":"Supplaffairs","article_modified_time":"2023-11-22T16:46:43+00:00","twitter_card":"summary_large_image","twitter_misc":{"Dur\u00e9e de lecture estim\u00e9e":"2 minutes"},"schema":{"@context":"https:\/\/schema.org","@graph":[{"@type":"WebPage","@id":"https:\/\/supplaffairs.com\/fr\/accessibilite\/","url":"https:\/\/supplaffairs.com\/fr\/accessibilite\/","name":"Accessibilit\u00e9 - Supplaffairs","isPartOf":{"@id":"https:\/\/supplaffairs.com\/#website"},"datePublished":"2023-11-14T16:03:56+00:00","dateModified":"2023-11-22T16:46:43+00:00","breadcrumb":{"@id":"https:\/\/supplaffairs.com\/fr\/accessibilite\/#breadcrumb"},"inLanguage":"fr-FR","potentialAction":[{"@type":"ReadAction","target":["https:\/\/supplaffairs.com\/fr\/accessibilite\/"]}]},{"@type":"BreadcrumbList","@id":"https:\/\/supplaffairs.com\/fr\/accessibilite\/#breadcrumb","itemListElement":[{"@type":"ListItem","position":1,"name":"Portada","item":"https:\/\/supplaffairs.com\/"},{"@type":"ListItem","position":2,"name":"Accessibilit\u00e9"}]},{"@type":"WebSite","@id":"https:\/\/supplaffairs.com\/#website","url":"https:\/\/supplaffairs.com\/","name":"Supplaffairs","description":"Consultor\u00eda de complementos alimenticios","publisher":{"@id":"https:\/\/supplaffairs.com\/#organization"},"potentialAction":[{"@type":"SearchAction","target":{"@type":"EntryPoint","urlTemplate":"https:\/\/supplaffairs.com\/?s={search_term_string}"},"query-input":{"@type":"PropertyValueSpecification","valueRequired":true,"valueName":"search_term_string"}}],"inLanguage":"fr-FR"},{"@type":"Organization","@id":"https:\/\/supplaffairs.com\/#organization","name":"Supplaffairs","url":"https:\/\/supplaffairs.com\/","logo":{"@type":"ImageObject","inLanguage":"fr-FR","@id":"https:\/\/supplaffairs.com\/#\/schema\/logo\/image\/","url":"https:\/\/supplaffairs.com\/wp-content\/uploads\/2023\/10\/logo-Supplafairs-blanco.png","contentUrl":"https:\/\/supplaffairs.com\/wp-content\/uploads\/2023\/10\/logo-Supplafairs-blanco.png","width":500,"height":290,"caption":"Supplaffairs"},"image":{"@id":"https:\/\/supplaffairs.com\/#\/schema\/logo\/image\/"}}]}},"rttpg_featured_image_url":null,"rttpg_author":{"display_name":"infozuk","author_link":"https:\/\/supplaffairs.com\/fr\/author\/infozuk\/"},"rttpg_comment":0,"rttpg_category":" <a href=\"https:\/\/supplaffairs.com\/fr\/?taxonomy=translation_priority&#038;term=facultatif\" rel=\"tag\">Facultatif<\/a>","rttpg_excerpt":"Accessibilit\u00e9 Cette d\u00e9claration d&rsquo;accessibilit\u00e9 s&rsquo;applique au site web https:\/\/supplaffairs.com\/. Les crit\u00e8res adopt\u00e9s pour am\u00e9liorer l&rsquo;accessibilit\u00e9 du site Supplaffairs sont bas\u00e9s sur les directives WCAG\/WAI \u00e9tablies par le World Wide Web Consortium (W3C), l&rsquo;organisation supranationale responsable de la supervision des technologies Internet et de l&rsquo;adoption des normes Internet. En ce sens, le d\u00e9veloppement du site web\u2026","_links":{"self":[{"href":"https:\/\/supplaffairs.com\/fr\/wp-json\/wp\/v2\/pages\/1911","targetHints":{"allow":["GET"]}}],"collection":[{"href":"https:\/\/supplaffairs.com\/fr\/wp-json\/wp\/v2\/pages"}],"about":[{"href":"https:\/\/supplaffairs.com\/fr\/wp-json\/wp\/v2\/types\/page"}],"author":[{"embeddable":true,"href":"https:\/\/supplaffairs.com\/fr\/wp-json\/wp\/v2\/users\/1"}],"replies":[{"embeddable":true,"href":"https:\/\/supplaffairs.com\/fr\/wp-json\/wp\/v2\/comments?post=1911"}],"version-history":[{"count":7,"href":"https:\/\/supplaffairs.com\/fr\/wp-json\/wp\/v2\/pages\/1911\/revisions"}],"predecessor-version":[{"id":2051,"href":"https:\/\/supplaffairs.com\/fr\/wp-json\/wp\/v2\/pages\/1911\/revisions\/2051"}],"wp:attachment":[{"href":"https:\/\/supplaffairs.com\/fr\/wp-json\/wp\/v2\/media?parent=1911"}],"curies":[{"name":"wp","href":"https:\/\/api.w.org\/{rel}","templated":true}]}}