{"id":1737,"date":"2023-11-14T17:03:56","date_gmt":"2023-11-14T16:03:56","guid":{"rendered":"https:\/\/supplaffairs.com\/accesibilidad\/"},"modified":"2023-12-07T10:41:40","modified_gmt":"2023-12-07T09:41:40","slug":"accessibilitat","status":"publish","type":"page","link":"https:\/\/supplaffairs.com\/ca\/accessibilitat\/","title":{"rendered":"Accesibilidad"},"content":{"rendered":"\t\t<div data-elementor-type=\"wp-page\" data-elementor-id=\"1737\" class=\"elementor elementor-1737 elementor-1291\" data-elementor-post-type=\"page\">\n\t\t\t\t<div class=\"elementor-element elementor-element-3b5e58b0 e-flex e-con-boxed wpr-particle-no wpr-jarallax-no wpr-parallax-no wpr-sticky-section-no e-con e-parent\" data-id=\"3b5e58b0\" data-element_type=\"container\" data-e-type=\"container\">\n\t\t\t\t\t<div class=\"e-con-inner\">\n\t\t\t\t<div class=\"elementor-element elementor-element-186e910 elementor-widget elementor-widget-heading\" data-id=\"186e910\" data-element_type=\"widget\" data-e-type=\"widget\" data-widget_type=\"heading.default\">\n\t\t\t\t<div class=\"elementor-widget-container\">\n\t\t\t\t\t<h2 class=\"elementor-heading-title elementor-size-default\">Accesibilidad<\/h2>\t\t\t\t<\/div>\n\t\t\t\t<\/div>\n\t\t\t\t<div class=\"elementor-element elementor-element-4a9ea147 elementor-widget elementor-widget-text-editor\" data-id=\"4a9ea147\" data-element_type=\"widget\" data-e-type=\"widget\" data-widget_type=\"text-editor.default\">\n\t\t\t\t<div class=\"elementor-widget-container\">\n\t\t\t\t\t\t\t\t\t\n<p>La presente declaraci\u00f3n de accesibilidad se aplica al sitio web https:\/\/supplaffairs.com\/. Los criterios adoptados para conseguir una mayor accesibilidad de la Web de <strong>Supplaffairs<\/strong> se basan en las directrices <strong>WCAG\/WAI<\/strong> fijadas por el <strong>World Wide Web Consortium (W3C)<\/strong>, que es la organizaci\u00f3n de car\u00e1cter supranacional que se encarga de la supervisi\u00f3n de las tecnolog\u00edas y la adopci\u00f3n de los est\u00e1ndares de Internet. En este sentido el desarrollo de la Web se ha basado en el cumplimiento de las <strong>Pautas de accesibilidad para el Contenido<\/strong> en la web de la WCAG 2.1 del W3C-WAI en su nivel de exigencia AA. Algunas de las funcionalidades implementadas en el sitio web https:\/\/supplaffairs.com\/, para permitir una mayor accesibilidad a sus contenidos son:<\/p>\n\n<ul>\n<li>Las caracter\u00edsticas visuales del portal (tipo de letra, color de fuente y fondo, etc.) se definen mediante la hoja de estilos para que el usuario pueda ajustar el texto a sus preferencias.<\/li>\n\n<li>Los tama\u00f1os de las fuentes se han definido con unidades relativas para que pueda ampliar o disminuir el tama\u00f1o de la fuente desde las opciones del navegador.<\/li>\n\n<li>Las p\u00e1ginas tienen una estructura clara tanto para el usuario que puede ver todo el contenido, como para el que lee la informaci\u00f3n con un lector de pantalla, usuarios que desactivan la hoja de estilos, etc. Bajo este objetivo, se han definido mediante el c\u00f3digo HTML los encabezados de secci\u00f3n, las listas y todos los elementos que ayudan a la comprensi\u00f3n general del sitio web.<\/li>\n\n<li>El c\u00f3digo HTML y CSS empleado se ajusta a las gram\u00e1ticas formales para garantizar la correcta visualizaci\u00f3n de los contenidos en distintos navegadores.<\/li>\n<\/ul>\n\n<p>La presente declaraci\u00f3n fue preparada el 16 de noviembre de 2023. El m\u00e9todo empleado para preparar la declaraci\u00f3n ha sido una auditor\u00eda de accesibilidad llevada a cabo por la empresa Estudi ZUK, S.L. el 16\/11\/2023. \u00daltima revisi\u00f3n de la declaraci\u00f3n: 16 de noviembre de 2023. El resultado de la auditor\u00eda ha sido plenamente conforme seg\u00fan los requisitos de las WCAG 2.1 en su nivel AA, lo que refleja el cumplimiento del nivel de accesibilidad exigido por la legislaci\u00f3n vigente. Pueden aportar sugerencias o peticiones sobre accesibilidad web en el formulario de contacto: https:\/\/supplaffairs.com\/contacto\/.<\/p>\n\t\t\t\t\t\t\t\t<\/div>\n\t\t\t\t<\/div>\n\t\t\t\t\t<\/div>\n\t\t\t\t<\/div>\n\t\t\t\t<\/div>\n\t\t","protected":false},"excerpt":{"rendered":"<p>Accesibilidad La presente declaraci\u00f3n de accesibilidad se aplica al sitio web https:\/\/supplaffairs.com\/. Los criterios adoptados para conseguir una mayor accesibilidad de la Web de Supplaffairs se basan en las directrices WCAG\/WAI fijadas por el World Wide Web Consortium (W3C), que es la organizaci\u00f3n de car\u00e1cter supranacional que se encarga de la supervisi\u00f3n de las tecnolog\u00edas y la adopci\u00f3n de los est\u00e1ndares de Internet. En este sentido el desarrollo de la Web se ha basado en el cumplimiento de las Pautas de accesibilidad para el Contenido en la web de la WCAG 2.1 del W3C-WAI en su nivel de exigencia AA. Algunas de las funcionalidades implementadas en el sitio web https:\/\/supplaffairs.com\/, para permitir una mayor accesibilidad a sus contenidos son: Las caracter\u00edsticas visuales del portal (tipo de letra, color de fuente y fondo, etc.) se definen mediante la hoja de estilos para que el usuario pueda ajustar el texto a sus preferencias. Los tama\u00f1os de las fuentes se han definido con unidades relativas para que pueda ampliar o disminuir el tama\u00f1o de la fuente desde las opciones del navegador. Las p\u00e1ginas tienen una estructura clara tanto para el usuario que puede ver todo el contenido, como para el que lee la informaci\u00f3n con un lector de pantalla, usuarios que desactivan la hoja de estilos, etc. Bajo este objetivo, se han definido mediante el c\u00f3digo HTML los encabezados de secci\u00f3n, las listas y todos los elementos que ayudan a la comprensi\u00f3n general del sitio web. El c\u00f3digo HTML y CSS empleado se ajusta a las gram\u00e1ticas formales para garantizar la correcta visualizaci\u00f3n de los contenidos en distintos navegadores. La presente declaraci\u00f3n fue preparada el 16 de noviembre de 2023. El m\u00e9todo empleado para preparar la declaraci\u00f3n ha sido una auditor\u00eda de accesibilidad llevada a cabo por la empresa Estudi ZUK, S.L. el 16\/11\/2023. \u00daltima revisi\u00f3n de la declaraci\u00f3n: 16 de noviembre de 2023. El resultado de la auditor\u00eda ha sido plenamente conforme seg\u00fan los requisitos de las WCAG 2.1 en su nivel AA, lo que refleja el cumplimiento del nivel de accesibilidad exigido por la legislaci\u00f3n vigente. Pueden aportar sugerencias o peticiones sobre accesibilidad web en el formulario de contacto: https:\/\/supplaffairs.com\/contacto\/.<\/p>\n","protected":false},"author":1,"featured_media":0,"parent":0,"menu_order":0,"comment_status":"closed","ping_status":"closed","template":"elementor_header_footer","meta":{"ocean_post_layout":"","ocean_both_sidebars_style":"","ocean_both_sidebars_content_width":0,"ocean_both_sidebars_sidebars_width":0,"ocean_sidebar":"","ocean_second_sidebar":"","ocean_disable_margins":"enable","ocean_add_body_class":"","ocean_shortcode_before_top_bar":"","ocean_shortcode_after_top_bar":"","ocean_shortcode_before_header":"","ocean_shortcode_after_header":"","ocean_has_shortcode":"","ocean_shortcode_after_title":"","ocean_shortcode_before_footer_widgets":"","ocean_shortcode_after_footer_widgets":"","ocean_shortcode_before_footer_bottom":"","ocean_shortcode_after_footer_bottom":"","ocean_display_top_bar":"default","ocean_display_header":"default","ocean_header_style":"","ocean_center_header_left_menu":"","ocean_custom_header_template":"","ocean_custom_logo":0,"ocean_custom_retina_logo":0,"ocean_custom_logo_max_width":0,"ocean_custom_logo_tablet_max_width":0,"ocean_custom_logo_mobile_max_width":0,"ocean_custom_logo_max_height":0,"ocean_custom_logo_tablet_max_height":0,"ocean_custom_logo_mobile_max_height":0,"ocean_header_custom_menu":"","ocean_menu_typo_font_family":"","ocean_menu_typo_font_subset":"","ocean_menu_typo_font_size":0,"ocean_menu_typo_font_size_tablet":0,"ocean_menu_typo_font_size_mobile":0,"ocean_menu_typo_font_size_unit":"px","ocean_menu_typo_font_weight":"","ocean_menu_typo_font_weight_tablet":"","ocean_menu_typo_font_weight_mobile":"","ocean_menu_typo_transform":"","ocean_menu_typo_transform_tablet":"","ocean_menu_typo_transform_mobile":"","ocean_menu_typo_line_height":0,"ocean_menu_typo_line_height_tablet":0,"ocean_menu_typo_line_height_mobile":0,"ocean_menu_typo_line_height_unit":"","ocean_menu_typo_spacing":0,"ocean_menu_typo_spacing_tablet":0,"ocean_menu_typo_spacing_mobile":0,"ocean_menu_typo_spacing_unit":"","ocean_menu_link_color":"","ocean_menu_link_color_hover":"","ocean_menu_link_color_active":"","ocean_menu_link_background":"","ocean_menu_link_hover_background":"","ocean_menu_link_active_background":"","ocean_menu_social_links_bg":"","ocean_menu_social_hover_links_bg":"","ocean_menu_social_links_color":"","ocean_menu_social_hover_links_color":"","ocean_disable_title":"default","ocean_disable_heading":"default","ocean_post_title":"","ocean_post_subheading":"","ocean_post_title_style":"","ocean_post_title_background_color":"","ocean_post_title_background":0,"ocean_post_title_bg_image_position":"","ocean_post_title_bg_image_attachment":"","ocean_post_title_bg_image_repeat":"","ocean_post_title_bg_image_size":"","ocean_post_title_height":0,"ocean_post_title_bg_overlay":0.5,"ocean_post_title_bg_overlay_color":"","ocean_disable_breadcrumbs":"default","ocean_breadcrumbs_color":"","ocean_breadcrumbs_separator_color":"","ocean_breadcrumbs_links_color":"","ocean_breadcrumbs_links_hover_color":"","ocean_display_footer_widgets":"default","ocean_display_footer_bottom":"default","ocean_custom_footer_template":"","footnotes":""},"class_list":["post-1737","page","type-page","status-publish","hentry","entry"],"yoast_head":"<!-- This site is optimized with the Yoast SEO plugin v27.2 - https:\/\/yoast.com\/product\/yoast-seo-wordpress\/ -->\n<title>Accesibilidad - Supplaffairs<\/title>\n<meta name=\"robots\" content=\"noindex, follow\" \/>\n<meta property=\"og:locale\" content=\"ca_ES\" \/>\n<meta property=\"og:type\" content=\"article\" \/>\n<meta property=\"og:title\" content=\"Accesibilidad - Supplaffairs\" \/>\n<meta property=\"og:description\" content=\"Accesibilidad La presente declaraci\u00f3n de accesibilidad se aplica al sitio web https:\/\/supplaffairs.com\/. Los criterios adoptados para conseguir una mayor accesibilidad de la Web de Supplaffairs se basan en las directrices WCAG\/WAI fijadas por el World Wide Web Consortium (W3C), que es la organizaci\u00f3n de car\u00e1cter supranacional que se encarga de la supervisi\u00f3n de las tecnolog\u00edas y la adopci\u00f3n de los est\u00e1ndares de Internet. En este sentido el desarrollo de la Web se ha basado en el cumplimiento de las Pautas de accesibilidad para el Contenido en la web de la WCAG 2.1 del W3C-WAI en su nivel de exigencia AA. Algunas de las funcionalidades implementadas en el sitio web https:\/\/supplaffairs.com\/, para permitir una mayor accesibilidad a sus contenidos son: Las caracter\u00edsticas visuales del portal (tipo de letra, color de fuente y fondo, etc.) se definen mediante la hoja de estilos para que el usuario pueda ajustar el texto a sus preferencias. Los tama\u00f1os de las fuentes se han definido con unidades relativas para que pueda ampliar o disminuir el tama\u00f1o de la fuente desde las opciones del navegador. Las p\u00e1ginas tienen una estructura clara tanto para el usuario que puede ver todo el contenido, como para el que lee la informaci\u00f3n con un lector de pantalla, usuarios que desactivan la hoja de estilos, etc. Bajo este objetivo, se han definido mediante el c\u00f3digo HTML los encabezados de secci\u00f3n, las listas y todos los elementos que ayudan a la comprensi\u00f3n general del sitio web. El c\u00f3digo HTML y CSS empleado se ajusta a las gram\u00e1ticas formales para garantizar la correcta visualizaci\u00f3n de los contenidos en distintos navegadores. La presente declaraci\u00f3n fue preparada el 16 de noviembre de 2023. El m\u00e9todo empleado para preparar la declaraci\u00f3n ha sido una auditor\u00eda de accesibilidad llevada a cabo por la empresa Estudi ZUK, S.L. el 16\/11\/2023. \u00daltima revisi\u00f3n de la declaraci\u00f3n: 16 de noviembre de 2023. El resultado de la auditor\u00eda ha sido plenamente conforme seg\u00fan los requisitos de las WCAG 2.1 en su nivel AA, lo que refleja el cumplimiento del nivel de accesibilidad exigido por la legislaci\u00f3n vigente. Pueden aportar sugerencias o peticiones sobre accesibilidad web en el formulario de contacto: https:\/\/supplaffairs.com\/contacto\/.\" \/>\n<meta property=\"og:url\" content=\"https:\/\/supplaffairs.com\/ca\/accessibilitat\/\" \/>\n<meta property=\"og:site_name\" content=\"Supplaffairs\" \/>\n<meta property=\"article:modified_time\" content=\"2023-12-07T09:41:40+00:00\" \/>\n<meta name=\"twitter:card\" content=\"summary_large_image\" \/>\n<meta name=\"twitter:label1\" content=\"Temps estimat de lectura\" \/>\n\t<meta name=\"twitter:data1\" content=\"2 minuts\" \/>\n<script type=\"application\/ld+json\" class=\"yoast-schema-graph\">{\"@context\":\"https:\/\/schema.org\",\"@graph\":[{\"@type\":\"WebPage\",\"@id\":\"https:\/\/supplaffairs.com\/ca\/accessibilitat\/\",\"url\":\"https:\/\/supplaffairs.com\/ca\/accessibilitat\/\",\"name\":\"Accesibilidad - Supplaffairs\",\"isPartOf\":{\"@id\":\"https:\/\/supplaffairs.com\/#website\"},\"datePublished\":\"2023-11-14T16:03:56+00:00\",\"dateModified\":\"2023-12-07T09:41:40+00:00\",\"breadcrumb\":{\"@id\":\"https:\/\/supplaffairs.com\/ca\/accessibilitat\/#breadcrumb\"},\"inLanguage\":\"ca\",\"potentialAction\":[{\"@type\":\"ReadAction\",\"target\":[\"https:\/\/supplaffairs.com\/ca\/accessibilitat\/\"]}]},{\"@type\":\"BreadcrumbList\",\"@id\":\"https:\/\/supplaffairs.com\/ca\/accessibilitat\/#breadcrumb\",\"itemListElement\":[{\"@type\":\"ListItem\",\"position\":1,\"name\":\"Portada\",\"item\":\"https:\/\/supplaffairs.com\/\"},{\"@type\":\"ListItem\",\"position\":2,\"name\":\"Accesibilidad\"}]},{\"@type\":\"WebSite\",\"@id\":\"https:\/\/supplaffairs.com\/#website\",\"url\":\"https:\/\/supplaffairs.com\/\",\"name\":\"Supplaffairs\",\"description\":\"Consultor\u00eda de complementos alimenticios\",\"publisher\":{\"@id\":\"https:\/\/supplaffairs.com\/#organization\"},\"potentialAction\":[{\"@type\":\"SearchAction\",\"target\":{\"@type\":\"EntryPoint\",\"urlTemplate\":\"https:\/\/supplaffairs.com\/?s={search_term_string}\"},\"query-input\":{\"@type\":\"PropertyValueSpecification\",\"valueRequired\":true,\"valueName\":\"search_term_string\"}}],\"inLanguage\":\"ca\"},{\"@type\":\"Organization\",\"@id\":\"https:\/\/supplaffairs.com\/#organization\",\"name\":\"Supplaffairs\",\"url\":\"https:\/\/supplaffairs.com\/\",\"logo\":{\"@type\":\"ImageObject\",\"inLanguage\":\"ca\",\"@id\":\"https:\/\/supplaffairs.com\/#\/schema\/logo\/image\/\",\"url\":\"https:\/\/supplaffairs.com\/wp-content\/uploads\/2023\/10\/logo-Supplafairs-blanco.png\",\"contentUrl\":\"https:\/\/supplaffairs.com\/wp-content\/uploads\/2023\/10\/logo-Supplafairs-blanco.png\",\"width\":500,\"height\":290,\"caption\":\"Supplaffairs\"},\"image\":{\"@id\":\"https:\/\/supplaffairs.com\/#\/schema\/logo\/image\/\"}}]}<\/script>\n<!-- \/ Yoast SEO plugin. -->","yoast_head_json":{"title":"Accesibilidad - Supplaffairs","robots":{"index":"noindex","follow":"follow"},"og_locale":"ca_ES","og_type":"article","og_title":"Accesibilidad - Supplaffairs","og_description":"Accesibilidad La presente declaraci\u00f3n de accesibilidad se aplica al sitio web https:\/\/supplaffairs.com\/. Los criterios adoptados para conseguir una mayor accesibilidad de la Web de Supplaffairs se basan en las directrices WCAG\/WAI fijadas por el World Wide Web Consortium (W3C), que es la organizaci\u00f3n de car\u00e1cter supranacional que se encarga de la supervisi\u00f3n de las tecnolog\u00edas y la adopci\u00f3n de los est\u00e1ndares de Internet. En este sentido el desarrollo de la Web se ha basado en el cumplimiento de las Pautas de accesibilidad para el Contenido en la web de la WCAG 2.1 del W3C-WAI en su nivel de exigencia AA. Algunas de las funcionalidades implementadas en el sitio web https:\/\/supplaffairs.com\/, para permitir una mayor accesibilidad a sus contenidos son: Las caracter\u00edsticas visuales del portal (tipo de letra, color de fuente y fondo, etc.) se definen mediante la hoja de estilos para que el usuario pueda ajustar el texto a sus preferencias. Los tama\u00f1os de las fuentes se han definido con unidades relativas para que pueda ampliar o disminuir el tama\u00f1o de la fuente desde las opciones del navegador. Las p\u00e1ginas tienen una estructura clara tanto para el usuario que puede ver todo el contenido, como para el que lee la informaci\u00f3n con un lector de pantalla, usuarios que desactivan la hoja de estilos, etc. Bajo este objetivo, se han definido mediante el c\u00f3digo HTML los encabezados de secci\u00f3n, las listas y todos los elementos que ayudan a la comprensi\u00f3n general del sitio web. El c\u00f3digo HTML y CSS empleado se ajusta a las gram\u00e1ticas formales para garantizar la correcta visualizaci\u00f3n de los contenidos en distintos navegadores. La presente declaraci\u00f3n fue preparada el 16 de noviembre de 2023. El m\u00e9todo empleado para preparar la declaraci\u00f3n ha sido una auditor\u00eda de accesibilidad llevada a cabo por la empresa Estudi ZUK, S.L. el 16\/11\/2023. \u00daltima revisi\u00f3n de la declaraci\u00f3n: 16 de noviembre de 2023. El resultado de la auditor\u00eda ha sido plenamente conforme seg\u00fan los requisitos de las WCAG 2.1 en su nivel AA, lo que refleja el cumplimiento del nivel de accesibilidad exigido por la legislaci\u00f3n vigente. Pueden aportar sugerencias o peticiones sobre accesibilidad web en el formulario de contacto: https:\/\/supplaffairs.com\/contacto\/.","og_url":"https:\/\/supplaffairs.com\/ca\/accessibilitat\/","og_site_name":"Supplaffairs","article_modified_time":"2023-12-07T09:41:40+00:00","twitter_card":"summary_large_image","twitter_misc":{"Temps estimat de lectura":"2 minuts"},"schema":{"@context":"https:\/\/schema.org","@graph":[{"@type":"WebPage","@id":"https:\/\/supplaffairs.com\/ca\/accessibilitat\/","url":"https:\/\/supplaffairs.com\/ca\/accessibilitat\/","name":"Accesibilidad - Supplaffairs","isPartOf":{"@id":"https:\/\/supplaffairs.com\/#website"},"datePublished":"2023-11-14T16:03:56+00:00","dateModified":"2023-12-07T09:41:40+00:00","breadcrumb":{"@id":"https:\/\/supplaffairs.com\/ca\/accessibilitat\/#breadcrumb"},"inLanguage":"ca","potentialAction":[{"@type":"ReadAction","target":["https:\/\/supplaffairs.com\/ca\/accessibilitat\/"]}]},{"@type":"BreadcrumbList","@id":"https:\/\/supplaffairs.com\/ca\/accessibilitat\/#breadcrumb","itemListElement":[{"@type":"ListItem","position":1,"name":"Portada","item":"https:\/\/supplaffairs.com\/"},{"@type":"ListItem","position":2,"name":"Accesibilidad"}]},{"@type":"WebSite","@id":"https:\/\/supplaffairs.com\/#website","url":"https:\/\/supplaffairs.com\/","name":"Supplaffairs","description":"Consultor\u00eda de complementos alimenticios","publisher":{"@id":"https:\/\/supplaffairs.com\/#organization"},"potentialAction":[{"@type":"SearchAction","target":{"@type":"EntryPoint","urlTemplate":"https:\/\/supplaffairs.com\/?s={search_term_string}"},"query-input":{"@type":"PropertyValueSpecification","valueRequired":true,"valueName":"search_term_string"}}],"inLanguage":"ca"},{"@type":"Organization","@id":"https:\/\/supplaffairs.com\/#organization","name":"Supplaffairs","url":"https:\/\/supplaffairs.com\/","logo":{"@type":"ImageObject","inLanguage":"ca","@id":"https:\/\/supplaffairs.com\/#\/schema\/logo\/image\/","url":"https:\/\/supplaffairs.com\/wp-content\/uploads\/2023\/10\/logo-Supplafairs-blanco.png","contentUrl":"https:\/\/supplaffairs.com\/wp-content\/uploads\/2023\/10\/logo-Supplafairs-blanco.png","width":500,"height":290,"caption":"Supplaffairs"},"image":{"@id":"https:\/\/supplaffairs.com\/#\/schema\/logo\/image\/"}}]}},"rttpg_featured_image_url":null,"rttpg_author":{"display_name":"infozuk","author_link":"https:\/\/supplaffairs.com\/ca\/author\/infozuk\/"},"rttpg_comment":0,"rttpg_category":" <a href=\"https:\/\/supplaffairs.com\/ca\/?taxonomy=translation_priority&#038;term=opcional-ca\" rel=\"tag\">Opcional<\/a>","rttpg_excerpt":"Accesibilidad La presente declaraci\u00f3n de accesibilidad se aplica al sitio web https:\/\/supplaffairs.com\/. Los criterios adoptados para conseguir una mayor accesibilidad de la Web de Supplaffairs se basan en las directrices WCAG\/WAI fijadas por el World Wide Web Consortium (W3C), que es la organizaci\u00f3n de car\u00e1cter supranacional que se encarga de la supervisi\u00f3n de las tecnolog\u00edas&hellip;","_links":{"self":[{"href":"https:\/\/supplaffairs.com\/ca\/wp-json\/wp\/v2\/pages\/1737","targetHints":{"allow":["GET"]}}],"collection":[{"href":"https:\/\/supplaffairs.com\/ca\/wp-json\/wp\/v2\/pages"}],"about":[{"href":"https:\/\/supplaffairs.com\/ca\/wp-json\/wp\/v2\/types\/page"}],"author":[{"embeddable":true,"href":"https:\/\/supplaffairs.com\/ca\/wp-json\/wp\/v2\/users\/1"}],"replies":[{"embeddable":true,"href":"https:\/\/supplaffairs.com\/ca\/wp-json\/wp\/v2\/comments?post=1737"}],"version-history":[{"count":17,"href":"https:\/\/supplaffairs.com\/ca\/wp-json\/wp\/v2\/pages\/1737\/revisions"}],"predecessor-version":[{"id":2625,"href":"https:\/\/supplaffairs.com\/ca\/wp-json\/wp\/v2\/pages\/1737\/revisions\/2625"}],"wp:attachment":[{"href":"https:\/\/supplaffairs.com\/ca\/wp-json\/wp\/v2\/media?parent=1737"}],"curies":[{"name":"wp","href":"https:\/\/api.w.org\/{rel}","templated":true}]}}